{"id":929,"date":"2023-05-04T12:40:56","date_gmt":"2023-05-04T10:40:56","guid":{"rendered":"https:\/\/www.alberguescq.com\/sitios-turisticos-cercanos\/"},"modified":"2023-07-28T19:41:14","modified_gmt":"2023-07-28T17:41:14","slug":"locais-turisticos-proximos","status":"publish","type":"page","link":"https:\/\/www.alberguescq.com\/pt-pt\/locais-turisticos-proximos\/","title":{"rendered":"Locais tur\u00edsticos pr\u00f3ximos"},"content":{"rendered":"<section  class='av_textblock_section av-2xgq-e0a412da52b712ee111db3d851683023 '   itemscope=\"itemscope\" itemtype=\"https:\/\/schema.org\/CreativeWork\" ><div class='avia_textblock'  itemprop=\"text\" ><h2>Locais Tur\u00edsticos perto do nosso Hostel<\/h2>\n<blockquote>\n<p><strong>a Catedral de Santiago de Compostela<\/strong><\/p>\n<p>A Santa Igreja Catedral Apost\u00f3lica e Metropolitana de Santiago de Compostela \u00e9 um templo de culto cat\u00f3lico situado na cidade do mesmo nome, no centro da prov\u00edncia da Corunha, na Galiza.<\/p>\n<p><strong>Centro Hist\u00f3rico de Santiago de Compostela<\/strong><\/p>\n<p>Uma grande din\u00e2mica tur\u00edstica e cultural, uma zona carregada de hist\u00f3ria.<\/p>\n<p><strong>Museu do Povo Galego<\/strong><\/p>\n<p>Museu dedicado \u00e0 hist\u00f3ria e \u00e0 cultura galega que se encontra num convento fundado no s\u00e9culo XIII.<\/p>\n<p><strong>Cidade da Cultura<\/strong><\/p>\n<p>Diferentes espa\u00e7os culturais que voc\u00ea pode visitar em instala\u00e7\u00f5es projetadas por arquitetos de prest\u00edgio.<\/p>\n<p><strong>Parque Bonaval<\/strong><\/p>\n<p>Parque tranquilo com caminhos sombreados, jardins, vistas de monumentos pr\u00f3ximos e um antigo cemit\u00e9rio.<\/p>\n<\/blockquote>\n<\/div><\/section>\n\n<style type=\"text\/css\" data-created_by=\"avia_inline_auto\" id=\"style-css-av-f1r6v-5c61bae3660f6da436b035d10fa5e2b6\">\n.flex_column.av-f1r6v-5c61bae3660f6da436b035d10fa5e2b6{\nborder-radius:0px 0px 0px 0px;\npadding:0px 0px 0px 0px;\n}\n<\/style>\n<div  class='flex_column av-f1r6v-5c61bae3660f6da436b035d10fa5e2b6 av_one_full  avia-builder-el-1  el_after_av_textblock  avia-builder-el-last  first flex_column_div av-zero-column-padding  column-top-margin'     ><\/div>\n","protected":false},"excerpt":{"rendered":"","protected":false},"author":3,"featured_media":0,"parent":0,"menu_order":0,"comment_status":"closed","ping_status":"closed","template":"","meta":{"footnotes":""},"class_list":["post-929","page","type-page","status-publish","hentry"],"yoast_head":"<!-- This site is optimized with the Yoast SEO plugin v27.5 - https:\/\/yoast.com\/product\/yoast-seo-wordpress\/ -->\n<title>Locais tur\u00edsticos pr\u00f3ximos - Albergue SCQ - Santiago de Compostela<\/title>\n<meta name=\"description\" content=\"O peregrino que visita o SCQ Hostel encontrar\u00e1 a uma curta dist\u00e2ncia v\u00e1rios pontos tur\u00edsticos importantes de Santiago de Compostela\" \/>\n<meta name=\"robots\" content=\"index, follow, max-snippet:-1, max-image-preview:large, max-video-preview:-1\" \/>\n<link rel=\"canonical\" href=\"https:\/\/www.alberguescq.com\/pt-pt\/locais-turisticos-proximos\/\" \/>\n<meta property=\"og:locale\" content=\"pt_PT\" \/>\n<meta property=\"og:type\" content=\"article\" \/>\n<meta property=\"og:title\" content=\"Locais tur\u00edsticos pr\u00f3ximos - Albergue SCQ - Santiago de Compostela\" \/>\n<meta property=\"og:description\" content=\"O peregrino que visita o SCQ Hostel encontrar\u00e1 a uma curta dist\u00e2ncia v\u00e1rios pontos tur\u00edsticos importantes de Santiago de Compostela\" \/>\n<meta property=\"og:url\" content=\"https:\/\/www.alberguescq.com\/pt-pt\/locais-turisticos-proximos\/\" \/>\n<meta property=\"og:site_name\" content=\"Albergue SCQ - Santiago de Compostela\" \/>\n<meta property=\"article:publisher\" content=\"https:\/\/www.facebook.com\/hostelscq\/\" \/>\n<meta property=\"article:modified_time\" content=\"2023-07-28T17:41:14+00:00\" \/>\n<meta name=\"twitter:card\" content=\"summary_large_image\" \/>\n<meta name=\"twitter:label1\" content=\"Tempo estimado de leitura\" \/>\n\t<meta name=\"twitter:data1\" content=\"2 minutos\" \/>\n<script type=\"application\/ld+json\" class=\"yoast-schema-graph\">{\"@context\":\"https:\\\/\\\/schema.org\",\"@graph\":[{\"@type\":\"WebPage\",\"@id\":\"https:\\\/\\\/www.alberguescq.com\\\/pt-pt\\\/locais-turisticos-proximos\\\/\",\"url\":\"https:\\\/\\\/www.alberguescq.com\\\/pt-pt\\\/locais-turisticos-proximos\\\/\",\"name\":\"Locais tur\u00edsticos pr\u00f3ximos - Albergue SCQ - Santiago de Compostela\",\"isPartOf\":{\"@id\":\"https:\\\/\\\/www.alberguescq.com\\\/#website\"},\"datePublished\":\"2023-05-04T10:40:56+00:00\",\"dateModified\":\"2023-07-28T17:41:14+00:00\",\"description\":\"O peregrino que visita o SCQ Hostel encontrar\u00e1 a uma curta dist\u00e2ncia v\u00e1rios pontos tur\u00edsticos importantes de Santiago de Compostela\",\"breadcrumb\":{\"@id\":\"https:\\\/\\\/www.alberguescq.com\\\/pt-pt\\\/locais-turisticos-proximos\\\/#breadcrumb\"},\"inLanguage\":\"pt-PT\",\"potentialAction\":[{\"@type\":\"ReadAction\",\"target\":[\"https:\\\/\\\/www.alberguescq.com\\\/pt-pt\\\/locais-turisticos-proximos\\\/\"]}]},{\"@type\":\"BreadcrumbList\",\"@id\":\"https:\\\/\\\/www.alberguescq.com\\\/pt-pt\\\/locais-turisticos-proximos\\\/#breadcrumb\",\"itemListElement\":[{\"@type\":\"ListItem\",\"position\":1,\"name\":\"Portada\",\"item\":\"https:\\\/\\\/www.alberguescq.com\\\/pt-pt\\\/albergue-scq\\\/\"},{\"@type\":\"ListItem\",\"position\":2,\"name\":\"Locais tur\u00edsticos pr\u00f3ximos\"}]},{\"@type\":\"WebSite\",\"@id\":\"https:\\\/\\\/www.alberguescq.com\\\/#website\",\"url\":\"https:\\\/\\\/www.alberguescq.com\\\/\",\"name\":\"Albergue SCQ\",\"description\":\"Albergue SCQ\",\"publisher\":{\"@id\":\"https:\\\/\\\/www.alberguescq.com\\\/#organization\"},\"potentialAction\":[{\"@type\":\"SearchAction\",\"target\":{\"@type\":\"EntryPoint\",\"urlTemplate\":\"https:\\\/\\\/www.alberguescq.com\\\/?s={search_term_string}\"},\"query-input\":{\"@type\":\"PropertyValueSpecification\",\"valueRequired\":true,\"valueName\":\"search_term_string\"}}],\"inLanguage\":\"pt-PT\"},{\"@type\":\"Organization\",\"@id\":\"https:\\\/\\\/www.alberguescq.com\\\/#organization\",\"name\":\"Albergue SCQ\",\"url\":\"https:\\\/\\\/www.alberguescq.com\\\/\",\"logo\":{\"@type\":\"ImageObject\",\"inLanguage\":\"pt-PT\",\"@id\":\"https:\\\/\\\/www.alberguescq.com\\\/#\\\/schema\\\/logo\\\/image\\\/\",\"url\":\"https:\\\/\\\/www.alberguescq.com\\\/wp-content\\\/uploads\\\/2019\\\/12\\\/Logo-albergue-scq.png\",\"contentUrl\":\"https:\\\/\\\/www.alberguescq.com\\\/wp-content\\\/uploads\\\/2019\\\/12\\\/Logo-albergue-scq.png\",\"width\":340,\"height\":156,\"caption\":\"Albergue SCQ\"},\"image\":{\"@id\":\"https:\\\/\\\/www.alberguescq.com\\\/#\\\/schema\\\/logo\\\/image\\\/\"},\"sameAs\":[\"https:\\\/\\\/www.facebook.com\\\/hostelscq\\\/\"]}]}<\/script>\n<!-- \/ Yoast SEO plugin. -->","yoast_head_json":{"title":"Locais tur\u00edsticos pr\u00f3ximos - Albergue SCQ - Santiago de Compostela","description":"O peregrino que visita o SCQ Hostel encontrar\u00e1 a uma curta dist\u00e2ncia v\u00e1rios pontos tur\u00edsticos importantes de Santiago de Compostela","robots":{"index":"index","follow":"follow","max-snippet":"max-snippet:-1","max-image-preview":"max-image-preview:large","max-video-preview":"max-video-preview:-1"},"canonical":"https:\/\/www.alberguescq.com\/pt-pt\/locais-turisticos-proximos\/","og_locale":"pt_PT","og_type":"article","og_title":"Locais tur\u00edsticos pr\u00f3ximos - Albergue SCQ - Santiago de Compostela","og_description":"O peregrino que visita o SCQ Hostel encontrar\u00e1 a uma curta dist\u00e2ncia v\u00e1rios pontos tur\u00edsticos importantes de Santiago de Compostela","og_url":"https:\/\/www.alberguescq.com\/pt-pt\/locais-turisticos-proximos\/","og_site_name":"Albergue SCQ - Santiago de Compostela","article_publisher":"https:\/\/www.facebook.com\/hostelscq\/","article_modified_time":"2023-07-28T17:41:14+00:00","twitter_card":"summary_large_image","twitter_misc":{"Tempo estimado de leitura":"2 minutos"},"schema":{"@context":"https:\/\/schema.org","@graph":[{"@type":"WebPage","@id":"https:\/\/www.alberguescq.com\/pt-pt\/locais-turisticos-proximos\/","url":"https:\/\/www.alberguescq.com\/pt-pt\/locais-turisticos-proximos\/","name":"Locais tur\u00edsticos pr\u00f3ximos - Albergue SCQ - Santiago de Compostela","isPartOf":{"@id":"https:\/\/www.alberguescq.com\/#website"},"datePublished":"2023-05-04T10:40:56+00:00","dateModified":"2023-07-28T17:41:14+00:00","description":"O peregrino que visita o SCQ Hostel encontrar\u00e1 a uma curta dist\u00e2ncia v\u00e1rios pontos tur\u00edsticos importantes de Santiago de Compostela","breadcrumb":{"@id":"https:\/\/www.alberguescq.com\/pt-pt\/locais-turisticos-proximos\/#breadcrumb"},"inLanguage":"pt-PT","potentialAction":[{"@type":"ReadAction","target":["https:\/\/www.alberguescq.com\/pt-pt\/locais-turisticos-proximos\/"]}]},{"@type":"BreadcrumbList","@id":"https:\/\/www.alberguescq.com\/pt-pt\/locais-turisticos-proximos\/#breadcrumb","itemListElement":[{"@type":"ListItem","position":1,"name":"Portada","item":"https:\/\/www.alberguescq.com\/pt-pt\/albergue-scq\/"},{"@type":"ListItem","position":2,"name":"Locais tur\u00edsticos pr\u00f3ximos"}]},{"@type":"WebSite","@id":"https:\/\/www.alberguescq.com\/#website","url":"https:\/\/www.alberguescq.com\/","name":"Albergue SCQ","description":"Albergue SCQ","publisher":{"@id":"https:\/\/www.alberguescq.com\/#organization"},"potentialAction":[{"@type":"SearchAction","target":{"@type":"EntryPoint","urlTemplate":"https:\/\/www.alberguescq.com\/?s={search_term_string}"},"query-input":{"@type":"PropertyValueSpecification","valueRequired":true,"valueName":"search_term_string"}}],"inLanguage":"pt-PT"},{"@type":"Organization","@id":"https:\/\/www.alberguescq.com\/#organization","name":"Albergue SCQ","url":"https:\/\/www.alberguescq.com\/","logo":{"@type":"ImageObject","inLanguage":"pt-PT","@id":"https:\/\/www.alberguescq.com\/#\/schema\/logo\/image\/","url":"https:\/\/www.alberguescq.com\/wp-content\/uploads\/2019\/12\/Logo-albergue-scq.png","contentUrl":"https:\/\/www.alberguescq.com\/wp-content\/uploads\/2019\/12\/Logo-albergue-scq.png","width":340,"height":156,"caption":"Albergue SCQ"},"image":{"@id":"https:\/\/www.alberguescq.com\/#\/schema\/logo\/image\/"},"sameAs":["https:\/\/www.facebook.com\/hostelscq\/"]}]}},"_links":{"self":[{"href":"https:\/\/www.alberguescq.com\/pt-pt\/wp-json\/wp\/v2\/pages\/929","targetHints":{"allow":["GET"]}}],"collection":[{"href":"https:\/\/www.alberguescq.com\/pt-pt\/wp-json\/wp\/v2\/pages"}],"about":[{"href":"https:\/\/www.alberguescq.com\/pt-pt\/wp-json\/wp\/v2\/types\/page"}],"author":[{"embeddable":true,"href":"https:\/\/www.alberguescq.com\/pt-pt\/wp-json\/wp\/v2\/users\/3"}],"replies":[{"embeddable":true,"href":"https:\/\/www.alberguescq.com\/pt-pt\/wp-json\/wp\/v2\/comments?post=929"}],"version-history":[{"count":6,"href":"https:\/\/www.alberguescq.com\/pt-pt\/wp-json\/wp\/v2\/pages\/929\/revisions"}],"predecessor-version":[{"id":970,"href":"https:\/\/www.alberguescq.com\/pt-pt\/wp-json\/wp\/v2\/pages\/929\/revisions\/970"}],"wp:attachment":[{"href":"https:\/\/www.alberguescq.com\/pt-pt\/wp-json\/wp\/v2\/media?parent=929"}],"curies":[{"name":"wp","href":"https:\/\/api.w.org\/{rel}","templated":true}]}}