{"id":959,"date":"2023-05-04T12:05:22","date_gmt":"2023-05-04T10:05:22","guid":{"rendered":"https:\/\/www.alberguescq.com\/aviso-legal\/"},"modified":"2023-07-28T19:41:13","modified_gmt":"2023-07-28T17:41:13","slug":"avisolegal","status":"publish","type":"page","link":"https:\/\/www.alberguescq.com\/pt-pt\/avisolegal\/","title":{"rendered":"Aviso Legal"},"content":{"rendered":"<section  class='av_textblock_section av-k6sb3a7r-2129e19dcffb135a2fe9f11c9b629f5a '   itemscope=\"itemscope\" itemtype=\"https:\/\/schema.org\/CreativeWork\" ><div class='avia_textblock'  itemprop=\"text\" ><h1>Aviso Legal<\/h1>\n<p>No cumprimento do dever de informa\u00e7\u00e3o constante do artigo 10.\u00ba da Lei 34\/2002, de 11 de julho, sobre Servi\u00e7os da Sociedade da Informa\u00e7\u00e3o e Com\u00e9rcio Eletr\u00f3nico (LSSICE), o titular do website, informa-o do seguinte:<\/p>\n<ul>\n<li>Nome da empresa: SAN MIGUEL HOSTELERIA Y TURISMO SL.<\/li>\n<li>NIF: B44747111<br \/>\nMorada: Rua Da Fonte Dos Concheiros, 2C, Bajo, 15707 &#8211; Santiago de Compostela (A Coru\u00f1a)<\/li>\n<\/ul>\n<p>Com os limites estabelecidos por lei, SAN MIGUEL HOSTELERIA Y TURISMO SL. n\u00e3o assume nenhuma responsabilidade derivada da falta de veracidade, integridade, atualiza\u00e7\u00e3o e precis\u00e3o dos dados ou informa\u00e7\u00f5es contidas em suas p\u00e1ginas web.<\/p>\n<p>Os conte\u00fados e informa\u00e7\u00f5es n\u00e3o vinculam a SAN MIGUEL HOSTELERIA Y TURISMO SL. nem constituem opini\u00f5es, conselhos ou conselhos legais de qualquer tipo, uma vez que \u00e9 apenas um servi\u00e7o oferecido para fins informativos e informativos.<\/p>\n<p>As p\u00e1ginas da Internet de SAN MIGUEL HOSTELERIA Y TURISMO SL. Podem conter links para outras p\u00e1ginas de terceiros que SAN MIGUEL HOSTELERIA Y TURISMO SL. n\u00e3o pode controlar. Portanto, SAN MIGUEL HOSTELERIA Y TURISMO SL. n\u00e3o pode assumir responsabilidade pelo conte\u00fado que possa aparecer em p\u00e1ginas de terceiros.<\/p>\n<p>Os textos, imagens, sons, anima\u00e7\u00f5es, software e demais conte\u00fados inclu\u00eddos neste site s\u00e3o de propriedade exclusiva de SAN MIGUEL HOSTELERIA Y TURISMO SL. ou seus licenciadores. Qualquer ato de transmiss\u00e3o, distribui\u00e7\u00e3o, cess\u00e3o, reprodu\u00e7\u00e3o, armazenamento ou comunica\u00e7\u00e3o p\u00fablica total ou parcial deve ter o consentimento expresso de SAN MIGUEL HOSTELERIA Y TURISMO SL..<\/p>\n<p>Al\u00e9m disso, para acessar alguns dos servi\u00e7os que SAN MIGUEL HOSTELERIA Y TURISMO SL. oferecidos atrav\u00e9s do site, voc\u00ea deve fornecer alguns dados pessoais. Em cumprimento do disposto no Regulamento (UE) 2016\/679 do Parlamento Europeu e do Conselho, de 27 de abril de 2016, relativo \u00e0 prote\u00e7\u00e3o das pessoas singulares no que diz respeito ao tratamento de dados pessoais e \u00e0 livre circula\u00e7\u00e3o de Com esses dados informamos que, ao preencher estes formul\u00e1rios, seus dados pessoais ser\u00e3o incorporados e ser\u00e3o processados \u200b\u200bnos arquivos de SAN MIGUEL HOSTELERIA Y TURISMO SL. para poder fornecer e oferecer nossos servi\u00e7os, bem como para inform\u00e1-lo sobre melhorias no site.<\/p>\n<p>Informamos ainda que ter\u00e1 a possibilidade de exercer a qualquer momento os seus direitos de acesso, retifica\u00e7\u00e3o, cancelamento, oposi\u00e7\u00e3o, limita\u00e7\u00e3o e portabilidade dos seus dados pessoais, de forma gratuita por e-mail para: sanmiguelhosteleria@gmail.com ou para a morada : Rua Da Fonte Dos Concheiros, 2C, Bajo, 15707 &#8211; Santiago de Compostela (A Coru\u00f1a).<\/p>\n<\/div><\/section><!-- \/wp:post-content -->","protected":false},"excerpt":{"rendered":"","protected":false},"author":3,"featured_media":0,"parent":0,"menu_order":0,"comment_status":"closed","ping_status":"closed","template":"","meta":{"footnotes":""},"class_list":["post-959","page","type-page","status-publish","hentry"],"yoast_head":"<!-- This site is optimized with the Yoast SEO plugin v27.5 - https:\/\/yoast.com\/product\/yoast-seo-wordpress\/ -->\n<title>Aviso Legal - Albergue SCQ - Santiago de Compostela<\/title>\n<meta name=\"robots\" content=\"noindex, nofollow\" \/>\n<meta property=\"og:locale\" content=\"pt_PT\" \/>\n<meta property=\"og:type\" content=\"article\" \/>\n<meta property=\"og:title\" content=\"Aviso Legal - Albergue SCQ - Santiago de Compostela\" \/>\n<meta property=\"og:url\" content=\"https:\/\/www.alberguescq.com\/pt-pt\/avisolegal\/\" \/>\n<meta property=\"og:site_name\" content=\"Albergue SCQ - Santiago de Compostela\" \/>\n<meta property=\"article:publisher\" content=\"https:\/\/www.facebook.com\/hostelscq\/\" \/>\n<meta property=\"article:modified_time\" content=\"2023-07-28T17:41:13+00:00\" \/>\n<meta name=\"twitter:card\" content=\"summary_large_image\" \/>\n<meta name=\"twitter:label1\" content=\"Tempo estimado de leitura\" \/>\n\t<meta name=\"twitter:data1\" content=\"2 minutos\" \/>\n<script type=\"application\/ld+json\" class=\"yoast-schema-graph\">{\"@context\":\"https:\\\/\\\/schema.org\",\"@graph\":[{\"@type\":\"WebPage\",\"@id\":\"https:\\\/\\\/www.alberguescq.com\\\/pt-pt\\\/avisolegal\\\/\",\"url\":\"https:\\\/\\\/www.alberguescq.com\\\/pt-pt\\\/avisolegal\\\/\",\"name\":\"Aviso Legal - Albergue SCQ - Santiago de Compostela\",\"isPartOf\":{\"@id\":\"https:\\\/\\\/www.alberguescq.com\\\/#website\"},\"datePublished\":\"2023-05-04T10:05:22+00:00\",\"dateModified\":\"2023-07-28T17:41:13+00:00\",\"breadcrumb\":{\"@id\":\"https:\\\/\\\/www.alberguescq.com\\\/pt-pt\\\/avisolegal\\\/#breadcrumb\"},\"inLanguage\":\"pt-PT\",\"potentialAction\":[{\"@type\":\"ReadAction\",\"target\":[\"https:\\\/\\\/www.alberguescq.com\\\/pt-pt\\\/avisolegal\\\/\"]}]},{\"@type\":\"BreadcrumbList\",\"@id\":\"https:\\\/\\\/www.alberguescq.com\\\/pt-pt\\\/avisolegal\\\/#breadcrumb\",\"itemListElement\":[{\"@type\":\"ListItem\",\"position\":1,\"name\":\"Portada\",\"item\":\"https:\\\/\\\/www.alberguescq.com\\\/pt-pt\\\/albergue-scq\\\/\"},{\"@type\":\"ListItem\",\"position\":2,\"name\":\"Aviso Legal\"}]},{\"@type\":\"WebSite\",\"@id\":\"https:\\\/\\\/www.alberguescq.com\\\/#website\",\"url\":\"https:\\\/\\\/www.alberguescq.com\\\/\",\"name\":\"Albergue SCQ\",\"description\":\"Albergue SCQ\",\"publisher\":{\"@id\":\"https:\\\/\\\/www.alberguescq.com\\\/#organization\"},\"potentialAction\":[{\"@type\":\"SearchAction\",\"target\":{\"@type\":\"EntryPoint\",\"urlTemplate\":\"https:\\\/\\\/www.alberguescq.com\\\/?s={search_term_string}\"},\"query-input\":{\"@type\":\"PropertyValueSpecification\",\"valueRequired\":true,\"valueName\":\"search_term_string\"}}],\"inLanguage\":\"pt-PT\"},{\"@type\":\"Organization\",\"@id\":\"https:\\\/\\\/www.alberguescq.com\\\/#organization\",\"name\":\"Albergue SCQ\",\"url\":\"https:\\\/\\\/www.alberguescq.com\\\/\",\"logo\":{\"@type\":\"ImageObject\",\"inLanguage\":\"pt-PT\",\"@id\":\"https:\\\/\\\/www.alberguescq.com\\\/#\\\/schema\\\/logo\\\/image\\\/\",\"url\":\"https:\\\/\\\/www.alberguescq.com\\\/wp-content\\\/uploads\\\/2019\\\/12\\\/Logo-albergue-scq.png\",\"contentUrl\":\"https:\\\/\\\/www.alberguescq.com\\\/wp-content\\\/uploads\\\/2019\\\/12\\\/Logo-albergue-scq.png\",\"width\":340,\"height\":156,\"caption\":\"Albergue SCQ\"},\"image\":{\"@id\":\"https:\\\/\\\/www.alberguescq.com\\\/#\\\/schema\\\/logo\\\/image\\\/\"},\"sameAs\":[\"https:\\\/\\\/www.facebook.com\\\/hostelscq\\\/\"]}]}<\/script>\n<!-- \/ Yoast SEO plugin. -->","yoast_head_json":{"title":"Aviso Legal - Albergue SCQ - Santiago de Compostela","robots":{"index":"noindex","follow":"nofollow"},"og_locale":"pt_PT","og_type":"article","og_title":"Aviso Legal - Albergue SCQ - Santiago de Compostela","og_url":"https:\/\/www.alberguescq.com\/pt-pt\/avisolegal\/","og_site_name":"Albergue SCQ - Santiago de Compostela","article_publisher":"https:\/\/www.facebook.com\/hostelscq\/","article_modified_time":"2023-07-28T17:41:13+00:00","twitter_card":"summary_large_image","twitter_misc":{"Tempo estimado de leitura":"2 minutos"},"schema":{"@context":"https:\/\/schema.org","@graph":[{"@type":"WebPage","@id":"https:\/\/www.alberguescq.com\/pt-pt\/avisolegal\/","url":"https:\/\/www.alberguescq.com\/pt-pt\/avisolegal\/","name":"Aviso Legal - Albergue SCQ - Santiago de Compostela","isPartOf":{"@id":"https:\/\/www.alberguescq.com\/#website"},"datePublished":"2023-05-04T10:05:22+00:00","dateModified":"2023-07-28T17:41:13+00:00","breadcrumb":{"@id":"https:\/\/www.alberguescq.com\/pt-pt\/avisolegal\/#breadcrumb"},"inLanguage":"pt-PT","potentialAction":[{"@type":"ReadAction","target":["https:\/\/www.alberguescq.com\/pt-pt\/avisolegal\/"]}]},{"@type":"BreadcrumbList","@id":"https:\/\/www.alberguescq.com\/pt-pt\/avisolegal\/#breadcrumb","itemListElement":[{"@type":"ListItem","position":1,"name":"Portada","item":"https:\/\/www.alberguescq.com\/pt-pt\/albergue-scq\/"},{"@type":"ListItem","position":2,"name":"Aviso Legal"}]},{"@type":"WebSite","@id":"https:\/\/www.alberguescq.com\/#website","url":"https:\/\/www.alberguescq.com\/","name":"Albergue SCQ","description":"Albergue SCQ","publisher":{"@id":"https:\/\/www.alberguescq.com\/#organization"},"potentialAction":[{"@type":"SearchAction","target":{"@type":"EntryPoint","urlTemplate":"https:\/\/www.alberguescq.com\/?s={search_term_string}"},"query-input":{"@type":"PropertyValueSpecification","valueRequired":true,"valueName":"search_term_string"}}],"inLanguage":"pt-PT"},{"@type":"Organization","@id":"https:\/\/www.alberguescq.com\/#organization","name":"Albergue SCQ","url":"https:\/\/www.alberguescq.com\/","logo":{"@type":"ImageObject","inLanguage":"pt-PT","@id":"https:\/\/www.alberguescq.com\/#\/schema\/logo\/image\/","url":"https:\/\/www.alberguescq.com\/wp-content\/uploads\/2019\/12\/Logo-albergue-scq.png","contentUrl":"https:\/\/www.alberguescq.com\/wp-content\/uploads\/2019\/12\/Logo-albergue-scq.png","width":340,"height":156,"caption":"Albergue SCQ"},"image":{"@id":"https:\/\/www.alberguescq.com\/#\/schema\/logo\/image\/"},"sameAs":["https:\/\/www.facebook.com\/hostelscq\/"]}]}},"_links":{"self":[{"href":"https:\/\/www.alberguescq.com\/pt-pt\/wp-json\/wp\/v2\/pages\/959","targetHints":{"allow":["GET"]}}],"collection":[{"href":"https:\/\/www.alberguescq.com\/pt-pt\/wp-json\/wp\/v2\/pages"}],"about":[{"href":"https:\/\/www.alberguescq.com\/pt-pt\/wp-json\/wp\/v2\/types\/page"}],"author":[{"embeddable":true,"href":"https:\/\/www.alberguescq.com\/pt-pt\/wp-json\/wp\/v2\/users\/3"}],"replies":[{"embeddable":true,"href":"https:\/\/www.alberguescq.com\/pt-pt\/wp-json\/wp\/v2\/comments?post=959"}],"version-history":[{"count":2,"href":"https:\/\/www.alberguescq.com\/pt-pt\/wp-json\/wp\/v2\/pages\/959\/revisions"}],"predecessor-version":[{"id":960,"href":"https:\/\/www.alberguescq.com\/pt-pt\/wp-json\/wp\/v2\/pages\/959\/revisions\/960"}],"wp:attachment":[{"href":"https:\/\/www.alberguescq.com\/pt-pt\/wp-json\/wp\/v2\/media?parent=959"}],"curies":[{"name":"wp","href":"https:\/\/api.w.org\/{rel}","templated":true}]}}