{"id":963,"date":"2023-05-04T12:35:08","date_gmt":"2023-05-04T10:35:08","guid":{"rendered":"https:\/\/www.alberguescq.com\/politica-privacidad\/"},"modified":"2023-07-28T19:41:14","modified_gmt":"2023-07-28T17:41:14","slug":"politica-privacidade","status":"publish","type":"page","link":"https:\/\/www.alberguescq.com\/pt-pt\/politica-privacidade\/","title":{"rendered":"Pol\u00edtica de privacidade"},"content":{"rendered":"<section  class='av_textblock_section av-k6sbgwaw-e641fe7f2074b26d020ceed66f4adfa3 '   itemscope=\"itemscope\" itemtype=\"https:\/\/schema.org\/CreativeWork\" ><div class='avia_textblock'  itemprop=\"text\" ><h1>Prote\u00e7\u00e3o de dados pessoais de acordo com o RGPD<\/h1>\n<p>SAN MIGUEL HOSTELERIA Y TURISMO SL., em aplica\u00e7\u00e3o das normas vigentes sobre prote\u00e7\u00e3o de dados pessoais, informa que os dados pessoais coletados atrav\u00e9s dos formul\u00e1rios do site: www.alberguescq.com, s\u00e3o inclu\u00eddos nos arquivos automatizados espec\u00edficos dos usu\u00e1rios do site servi\u00e7os de SAN MIGUEL HOSTELERIA Y TURISMO SL.<\/p>\n<p>A recolha e tratamento automatizado de dados pessoais destina-se a manter a rela\u00e7\u00e3o comercial e realizar tarefas de informa\u00e7\u00e3o, forma\u00e7\u00e3o, aconselhamento e outras atividades de SAN MIGUEL HOSTELERIA Y TURISMO SL.<\/p>\n<p>Estes dados apenas ser\u00e3o cedidos \u00e0s entidades que sejam necess\u00e1rias com a \u00fanica finalidade de cumprir a finalidade acima referida.<\/p>\n<p>SAN MIGUEL HOSPITALIDADE E TURISMO SL. adota as medidas necess\u00e1rias para garantir a seguran\u00e7a, integridade e confidencialidade dos dados de acordo com o disposto no Regulamento (UE) 2016\/679 do Parlamento Europeu e do Conselho, de 27 de abril de 2016, relativo \u00e0 prote\u00e7\u00e3o de pessoas singulares com no que diz respeito ao tratamento de dados pessoais e \u00e0 sua livre circula\u00e7\u00e3o, e revoga a antiga LOPD, a nova Lei Org\u00e2nica 3\/2018, de 5 de dezembro, de Prote\u00e7\u00e3o de Dados e Garantia de Direitos Digitais (LOPDGDD).<\/p>\n<p>O utilizador pode a qualquer momento exercer os direitos de acesso, oposi\u00e7\u00e3o, retifica\u00e7\u00e3o, cancelamento, limita\u00e7\u00e3o e portabilidade reconhecidos no referido Regulamento (UE). O exerc\u00edcio destes direitos pode ser feito pelo utilizador atrav\u00e9s do email: sanmiguelhosteleria@gmail.com ou na morada: Rua Da Fonte Dos Concheiros, 2C, Bajo, C.P. 15707 &#8211; Santiago de Compostela (A Corunha).<\/p>\n<p>O usu\u00e1rio declara que todas as informa\u00e7\u00f5es fornecidas por ele s\u00e3o verdadeiras e corretas, e se compromete a mant\u00ea-las atualizadas, comunicando as altera\u00e7\u00f5es a SAN MIGUEL HOSTELERIA Y TURISMO SL.<\/p>\n<h2>Finalidade do tratamento de dados pessoais:<\/h2>\n<h3>Com que finalidade trataremos os seus dados pessoais?<\/h3>\n<p>Na SAN MIGUEL HOSTELERIA Y TURISMO SL., trataremos os seus dados pessoais recolhidos atrav\u00e9s do Site: www.alberguescq.com, com as seguintes finalidades:<\/p>\n<ol>\n<li>Prestar os seus servi\u00e7os de acordo com as necessidades particulares dos clientes, de forma a cumprir os contratos por si assinados.<\/li>\n<li>Fornecer os servi\u00e7os contratados pelo usu\u00e1rio.<\/li>\n<\/ol>\n<p>Relembramos que pode opor-se ao envio de comunica\u00e7\u00f5es comerciais por qualquer meio e a qualquer momento, enviando um e-mail para o endere\u00e7o acima indicado.<\/p>\n<p>Os campos dos referidos registos s\u00e3o obrigat\u00f3rios, impossibilitando a realiza\u00e7\u00e3o das finalidades expressas caso estes dados n\u00e3o sejam fornecidos.<\/p>\n<h2>Durante quanto tempo s\u00e3o conservados os dados pessoais recolhidos?<\/h2>\n<p>Os dados pessoais fornecidos ser\u00e3o conservados enquanto se mantiver a rela\u00e7\u00e3o comercial ou n\u00e3o solicitar a sua elimina\u00e7\u00e3o e durante o per\u00edodo em que possam surgir responsabilidades legais pelos servi\u00e7os prestados.<\/p>\n<h2>Legitima\u00e7\u00e3o<\/h2>\n<p>O tratamento dos seus dados \u00e9 efetuado com as seguintes bases legais que o legitimam:<\/p>\n<ol>\n<li>A solicita\u00e7\u00e3o de informa\u00e7\u00e3o e\/ou a contrata\u00e7\u00e3o dos servi\u00e7os de SAN MIGUEL HOSTELERIA Y TURISMO SL., cujos termos e condi\u00e7\u00f5es lhe ser\u00e3o colocados \u00e0 disposi\u00e7\u00e3o em qualquer caso, antes de uma eventual contrata\u00e7\u00e3o.<\/li>\n<li>Consentimento livre, espec\u00edfico, informado e inequ\u00edvoco, enquanto o informamos ao colocar \u00e0 sua disposi\u00e7\u00e3o esta pol\u00edtica de privacidade, que ap\u00f3s a sua leitura, se concordar, poder\u00e1 aceitar por meio de uma declara\u00e7\u00e3o ou de uma a\u00e7\u00e3o afirmativa clara, como a marca\u00e7\u00e3o de um caixa fornecida para o efeito.<\/li>\n<\/ol>\n<p>Caso n\u00e3o nos faculte os seus dados ou o fa\u00e7a de forma errada ou incompleta, n\u00e3o poderemos satisfazer o seu pedido, impossibilitando-nos completamente de lhe fornecer as informa\u00e7\u00f5es solicitadas ou de realizar a contrata\u00e7\u00e3o de Servi\u00e7os.<\/p>\n<h2>Destinat\u00e1rios<\/h2>\n<p>Os dados n\u00e3o ser\u00e3o comunicados a terceiros fora de SAN MIGUEL HOSTELERIA Y TURISMO SL., salvo obriga\u00e7\u00e3o legal.<\/p>\n<h2>Dados recolhidos pelos utilizadores dos servi\u00e7os<\/h2>\n<p>Nos casos em que o usu\u00e1rio inclua arquivos com dados pessoais nos servidores de hospedagem compartilhada, SAN MIGUEL HOSTELERIA Y TURISMO SL. n\u00e3o \u00e9 respons\u00e1vel pela viola\u00e7\u00e3o pelo usu\u00e1rio do RGPD.<\/p>\n<h2>Direitos de propriedade intelectual <a href=\"https:\/\/www.alberguescq.com\/pt-pt\/albergue-scq\/\">www.alberguescq.com<\/a><\/h2>\n<p>SAN MIGUEL HOSPITALIDADE E TURISMO SL. \u00e9 o titular de todos os direitos autorais, propriedade intelectual, industrial, &#8220;know how&#8221; e quaisquer outros direitos relacionados com o conte\u00fado do site www.alberguescq.com e os servi\u00e7os nele oferecidos, bem como os programas necess\u00e1rios para sua implementa\u00e7\u00e3o e informa\u00e7\u00f5es relacionadas .<\/p>\n<p>A reprodu\u00e7\u00e3o, publica\u00e7\u00e3o e\/ou utiliza\u00e7\u00e3o n\u00e3o estritamente privada dos conte\u00fados, total ou parcial, do site www.alberguescq.com n\u00e3o \u00e9 permitida sem autoriza\u00e7\u00e3o pr\u00e9via por escrito.<\/p>\n<h2>Propriedade Intelectual de Software<\/h2>\n<p>O usu\u00e1rio deve respeitar os programas de terceiros disponibilizados pela SAN MIGUEL HOSTELERIA Y TURISMO SL., mesmo que sejam gratuitos e\/ou publicamente dispon\u00edveis.<\/p>\n<p>SAN MIGUEL HOSPITALIDADE E TURISMO SL. tem a explora\u00e7\u00e3o necess\u00e1ria e os direitos de propriedade intelectual do software.<\/p>\n<p>O usu\u00e1rio n\u00e3o adquire nenhum direito ou licen\u00e7a sobre o servi\u00e7o contratado, sobre o software necess\u00e1rio para a presta\u00e7\u00e3o do servi\u00e7o, nem sobre as informa\u00e7\u00f5es t\u00e9cnicas para monitoramento do servi\u00e7o, exceto os direitos e licen\u00e7as necess\u00e1rias para o cumprimento dos servi\u00e7os contratados e apenas por sua dura\u00e7\u00e3o.<\/p>\n<p>Para qualquer a\u00e7\u00e3o que exceda o cumprimento do contrato, o usu\u00e1rio precisar\u00e1 de autoriza\u00e7\u00e3o por escrito da SAN MIGUEL HOSTELERIA Y TURISMO SL. O usu\u00e1rio est\u00e1 proibido de acessar, modificar, visualizar a configura\u00e7\u00e3o, estrutura e arquivos dos servidores de propriedade de SAN MIGUEL HOSTELERIA Y TURISMO SL., assumindo a responsabilidade civil e criminal decorrente de qualquer incidente que possa ocorrer em servidores e sistemas de seguran\u00e7a como consequ\u00eancia direta de uma a\u00e7\u00e3o negligente ou maliciosa de sua parte.<\/p>\n<h2>Propriedade intelectual do conte\u00fado hospedado<\/h2>\n<p>\u00c9 proibido o uso contr\u00e1rio \u00e0 legisla\u00e7\u00e3o sobre propriedade intelectual dos servi\u00e7os prestados por SAN MIGUEL HOSTELERIA Y TURISMO SL. e, em particular de:<\/p>\n<ol>\n<li>O uso contr\u00e1rio \u00e0s leis espanholas ou que viole os direitos de terceiros.<\/li>\n<li>A publica\u00e7\u00e3o ou transmiss\u00e3o de qualquer conte\u00fado que, na opini\u00e3o de SAN MIGUEL HOSTELERIA Y TURISMO SL., seja violento, obsceno, abusivo, ilegal, racista, xen\u00f3fobo ou difamat\u00f3rio.<\/li>\n<li>As rachaduras, n\u00fameros de s\u00e9rie de programas ou qualquer outro conte\u00fado que viole os direitos de propriedade intelectual de terceiros.<\/li>\n<li>A recolha e\/ou utiliza\u00e7\u00e3o de dados pessoais de outros utilizadores sem o seu consentimento expresso ou em viola\u00e7\u00e3o do disposto no Regulamento (UE) 2016\/679 do Parlamento Europeu e do Conselho, de 27 de abril de 2016, relativo \u00e0 prote\u00e7\u00e3o de pessoas no que diz respeito ao tratamento de dados pessoais e \u00e0 livre circula\u00e7\u00e3o dos mesmos.<\/li>\n<li>O uso do servidor de e-mail e endere\u00e7os de e-mail do dom\u00ednio para enviar mensagens em massa indesejadas.<\/li>\n<\/ol>\n<p>O usu\u00e1rio \u00e9 totalmente respons\u00e1vel pelo conte\u00fado de seu site, pelas informa\u00e7\u00f5es transmitidas e armazenadas, links de hipertexto, reclama\u00e7\u00f5es de terceiros e a\u00e7\u00f5es legais referentes \u00e0 propriedade intelectual, direitos de terceiros e prote\u00e7\u00e3o de menores.<\/p>\n<p>O utilizador \u00e9 respons\u00e1vel pelas leis e regulamentos em vigor e pelas regras que t\u00eam a ver com o funcionamento do servi\u00e7o online, com\u00e9rcio eletr\u00f3nico, direitos de autor, manuten\u00e7\u00e3o da ordem p\u00fablica, bem como princ\u00edpios universais de utiliza\u00e7\u00e3o da Internet.<\/p>\n<p>O usu\u00e1rio indenizar\u00e1 a SAN MIGUEL HOSTELERIA Y TURISMO SL. pelas despesas geradas pela imputa\u00e7\u00e3o de SAN MIGUEL HOSTELERIA Y TURISMO SL. em qualquer causa cuja responsabilidade seja imput\u00e1vel ao utilizador, incluindo custas e custas de defesa judicial, ainda que se trate de decis\u00e3o judicial n\u00e3o transitada em julgado.<\/p>\n<h2>PROTE\u00c7\u00c3O DE INFORMA\u00c7\u00d5ES HOSPEDADAS<\/h2>\n<p>SAN MIGUEL HOSPITALIDADE E TURISMO SL. faz c\u00f3pias de backup dos conte\u00fados hospedados em seus servidores, por\u00e9m n\u00e3o se responsabiliza pela perda ou exclus\u00e3o acidental de dados pelos usu\u00e1rios. Da mesma forma, n\u00e3o garante a substitui\u00e7\u00e3o total dos dados apagados pelos usu\u00e1rios, uma vez que os referidos dados podem ter sido apagados e\/ou modificados durante o per\u00edodo de tempo transcorrido desde a \u00faltima c\u00f3pia de seguran\u00e7a.<\/p>\n<p>Os servi\u00e7os oferecidos, com exce\u00e7\u00e3o dos servi\u00e7os de backup espec\u00edficos, n\u00e3o incluem a substitui\u00e7\u00e3o dos conte\u00fados armazenados nas c\u00f3pias de backup feitas por SAN MIGUEL HOSTELERIA Y TURISMO SL., quando essa perda for imput\u00e1vel ao usu\u00e1rio; neste caso, ser\u00e1 fixada uma taxa em fun\u00e7\u00e3o da complexidade e volume da recupera\u00e7\u00e3o, sempre com a pr\u00e9via aceita\u00e7\u00e3o do utilizador.<\/p>\n<p>A substitui\u00e7\u00e3o dos dados eliminados s\u00f3 est\u00e1 inclu\u00edda no pre\u00e7o do servi\u00e7o quando a perda do conte\u00fado se deve a causas imput\u00e1veis \u200b\u200ba SAN MIGUEL HOSTELERIA Y TURISMO SL..<\/p>\n<h2>COMUNICA\u00c7\u00d5ES EMPRESARIAIS<\/h2>\n<p>Na aplica\u00e7\u00e3o do LSSI. SAN MIGUEL HOSPITALIDADE E TURISMO SL. n\u00e3o enviar\u00e1 comunica\u00e7\u00f5es publicit\u00e1rias ou promocionais por correio eletr\u00f3nico ou outro meio de comunica\u00e7\u00e3o eletr\u00f3nico equivalente que n\u00e3o tenha sido previamente solicitado ou expressamente autorizado pelos destinat\u00e1rios das mesmas.<\/p>\n<p>No caso de usu\u00e1rios com os quais existe uma rela\u00e7\u00e3o contratual anterior, SAN MIGUEL HOSTELERIA Y TURISMO SL. Voc\u00ea est\u00e1 autorizado a enviar comunica\u00e7\u00f5es comerciais sobre produtos ou servi\u00e7os de SAN MIGUEL HOSTELERIA Y TURISMO SL. similares aos que foram inicialmente contratados com o cliente.<\/p>\n<p>Em qualquer caso, o usu\u00e1rio, ap\u00f3s comprovar sua identidade, poder\u00e1 solicitar que nenhuma outra informa\u00e7\u00e3o comercial lhe seja enviada pelos canais de Atendimento ao Cliente.<\/p>\n<\/div><\/section>\n","protected":false},"excerpt":{"rendered":"","protected":false},"author":3,"featured_media":0,"parent":0,"menu_order":0,"comment_status":"closed","ping_status":"closed","template":"","meta":{"footnotes":""},"class_list":["post-963","page","type-page","status-publish","hentry"],"yoast_head":"<!-- This site is optimized with the Yoast SEO plugin v27.5 - https:\/\/yoast.com\/product\/yoast-seo-wordpress\/ -->\n<title>Pol\u00edtica de privacidade - Albergue SCQ - Santiago de Compostela<\/title>\n<meta name=\"robots\" content=\"noindex, nofollow\" \/>\n<meta property=\"og:locale\" content=\"pt_PT\" \/>\n<meta property=\"og:type\" content=\"article\" \/>\n<meta property=\"og:title\" content=\"Pol\u00edtica de privacidade - Albergue SCQ - Santiago de Compostela\" \/>\n<meta property=\"og:url\" content=\"https:\/\/www.alberguescq.com\/pt-pt\/politica-privacidade\/\" \/>\n<meta property=\"og:site_name\" content=\"Albergue SCQ - Santiago de Compostela\" \/>\n<meta property=\"article:publisher\" content=\"https:\/\/www.facebook.com\/hostelscq\/\" \/>\n<meta property=\"article:modified_time\" content=\"2023-07-28T17:41:14+00:00\" \/>\n<meta name=\"twitter:card\" content=\"summary_large_image\" \/>\n<meta name=\"twitter:label1\" content=\"Tempo estimado de leitura\" \/>\n\t<meta name=\"twitter:data1\" content=\"8 minutos\" \/>\n<script type=\"application\/ld+json\" class=\"yoast-schema-graph\">{\"@context\":\"https:\\\/\\\/schema.org\",\"@graph\":[{\"@type\":\"WebPage\",\"@id\":\"https:\\\/\\\/www.alberguescq.com\\\/pt-pt\\\/politica-privacidade\\\/\",\"url\":\"https:\\\/\\\/www.alberguescq.com\\\/pt-pt\\\/politica-privacidade\\\/\",\"name\":\"Pol\u00edtica de privacidade - Albergue SCQ - Santiago de Compostela\",\"isPartOf\":{\"@id\":\"https:\\\/\\\/www.alberguescq.com\\\/#website\"},\"datePublished\":\"2023-05-04T10:35:08+00:00\",\"dateModified\":\"2023-07-28T17:41:14+00:00\",\"breadcrumb\":{\"@id\":\"https:\\\/\\\/www.alberguescq.com\\\/pt-pt\\\/politica-privacidade\\\/#breadcrumb\"},\"inLanguage\":\"pt-PT\",\"potentialAction\":[{\"@type\":\"ReadAction\",\"target\":[\"https:\\\/\\\/www.alberguescq.com\\\/pt-pt\\\/politica-privacidade\\\/\"]}]},{\"@type\":\"BreadcrumbList\",\"@id\":\"https:\\\/\\\/www.alberguescq.com\\\/pt-pt\\\/politica-privacidade\\\/#breadcrumb\",\"itemListElement\":[{\"@type\":\"ListItem\",\"position\":1,\"name\":\"Portada\",\"item\":\"https:\\\/\\\/www.alberguescq.com\\\/pt-pt\\\/albergue-scq\\\/\"},{\"@type\":\"ListItem\",\"position\":2,\"name\":\"Pol\u00edtica de privacidade\"}]},{\"@type\":\"WebSite\",\"@id\":\"https:\\\/\\\/www.alberguescq.com\\\/#website\",\"url\":\"https:\\\/\\\/www.alberguescq.com\\\/\",\"name\":\"Albergue SCQ\",\"description\":\"Albergue SCQ\",\"publisher\":{\"@id\":\"https:\\\/\\\/www.alberguescq.com\\\/#organization\"},\"potentialAction\":[{\"@type\":\"SearchAction\",\"target\":{\"@type\":\"EntryPoint\",\"urlTemplate\":\"https:\\\/\\\/www.alberguescq.com\\\/?s={search_term_string}\"},\"query-input\":{\"@type\":\"PropertyValueSpecification\",\"valueRequired\":true,\"valueName\":\"search_term_string\"}}],\"inLanguage\":\"pt-PT\"},{\"@type\":\"Organization\",\"@id\":\"https:\\\/\\\/www.alberguescq.com\\\/#organization\",\"name\":\"Albergue SCQ\",\"url\":\"https:\\\/\\\/www.alberguescq.com\\\/\",\"logo\":{\"@type\":\"ImageObject\",\"inLanguage\":\"pt-PT\",\"@id\":\"https:\\\/\\\/www.alberguescq.com\\\/#\\\/schema\\\/logo\\\/image\\\/\",\"url\":\"https:\\\/\\\/www.alberguescq.com\\\/wp-content\\\/uploads\\\/2019\\\/12\\\/Logo-albergue-scq.png\",\"contentUrl\":\"https:\\\/\\\/www.alberguescq.com\\\/wp-content\\\/uploads\\\/2019\\\/12\\\/Logo-albergue-scq.png\",\"width\":340,\"height\":156,\"caption\":\"Albergue SCQ\"},\"image\":{\"@id\":\"https:\\\/\\\/www.alberguescq.com\\\/#\\\/schema\\\/logo\\\/image\\\/\"},\"sameAs\":[\"https:\\\/\\\/www.facebook.com\\\/hostelscq\\\/\"]}]}<\/script>\n<!-- \/ Yoast SEO plugin. -->","yoast_head_json":{"title":"Pol\u00edtica de privacidade - Albergue SCQ - Santiago de Compostela","robots":{"index":"noindex","follow":"nofollow"},"og_locale":"pt_PT","og_type":"article","og_title":"Pol\u00edtica de privacidade - Albergue SCQ - Santiago de Compostela","og_url":"https:\/\/www.alberguescq.com\/pt-pt\/politica-privacidade\/","og_site_name":"Albergue SCQ - Santiago de Compostela","article_publisher":"https:\/\/www.facebook.com\/hostelscq\/","article_modified_time":"2023-07-28T17:41:14+00:00","twitter_card":"summary_large_image","twitter_misc":{"Tempo estimado de leitura":"8 minutos"},"schema":{"@context":"https:\/\/schema.org","@graph":[{"@type":"WebPage","@id":"https:\/\/www.alberguescq.com\/pt-pt\/politica-privacidade\/","url":"https:\/\/www.alberguescq.com\/pt-pt\/politica-privacidade\/","name":"Pol\u00edtica de privacidade - Albergue SCQ - Santiago de Compostela","isPartOf":{"@id":"https:\/\/www.alberguescq.com\/#website"},"datePublished":"2023-05-04T10:35:08+00:00","dateModified":"2023-07-28T17:41:14+00:00","breadcrumb":{"@id":"https:\/\/www.alberguescq.com\/pt-pt\/politica-privacidade\/#breadcrumb"},"inLanguage":"pt-PT","potentialAction":[{"@type":"ReadAction","target":["https:\/\/www.alberguescq.com\/pt-pt\/politica-privacidade\/"]}]},{"@type":"BreadcrumbList","@id":"https:\/\/www.alberguescq.com\/pt-pt\/politica-privacidade\/#breadcrumb","itemListElement":[{"@type":"ListItem","position":1,"name":"Portada","item":"https:\/\/www.alberguescq.com\/pt-pt\/albergue-scq\/"},{"@type":"ListItem","position":2,"name":"Pol\u00edtica de privacidade"}]},{"@type":"WebSite","@id":"https:\/\/www.alberguescq.com\/#website","url":"https:\/\/www.alberguescq.com\/","name":"Albergue SCQ","description":"Albergue SCQ","publisher":{"@id":"https:\/\/www.alberguescq.com\/#organization"},"potentialAction":[{"@type":"SearchAction","target":{"@type":"EntryPoint","urlTemplate":"https:\/\/www.alberguescq.com\/?s={search_term_string}"},"query-input":{"@type":"PropertyValueSpecification","valueRequired":true,"valueName":"search_term_string"}}],"inLanguage":"pt-PT"},{"@type":"Organization","@id":"https:\/\/www.alberguescq.com\/#organization","name":"Albergue SCQ","url":"https:\/\/www.alberguescq.com\/","logo":{"@type":"ImageObject","inLanguage":"pt-PT","@id":"https:\/\/www.alberguescq.com\/#\/schema\/logo\/image\/","url":"https:\/\/www.alberguescq.com\/wp-content\/uploads\/2019\/12\/Logo-albergue-scq.png","contentUrl":"https:\/\/www.alberguescq.com\/wp-content\/uploads\/2019\/12\/Logo-albergue-scq.png","width":340,"height":156,"caption":"Albergue SCQ"},"image":{"@id":"https:\/\/www.alberguescq.com\/#\/schema\/logo\/image\/"},"sameAs":["https:\/\/www.facebook.com\/hostelscq\/"]}]}},"_links":{"self":[{"href":"https:\/\/www.alberguescq.com\/pt-pt\/wp-json\/wp\/v2\/pages\/963","targetHints":{"allow":["GET"]}}],"collection":[{"href":"https:\/\/www.alberguescq.com\/pt-pt\/wp-json\/wp\/v2\/pages"}],"about":[{"href":"https:\/\/www.alberguescq.com\/pt-pt\/wp-json\/wp\/v2\/types\/page"}],"author":[{"embeddable":true,"href":"https:\/\/www.alberguescq.com\/pt-pt\/wp-json\/wp\/v2\/users\/3"}],"replies":[{"embeddable":true,"href":"https:\/\/www.alberguescq.com\/pt-pt\/wp-json\/wp\/v2\/comments?post=963"}],"version-history":[{"count":2,"href":"https:\/\/www.alberguescq.com\/pt-pt\/wp-json\/wp\/v2\/pages\/963\/revisions"}],"predecessor-version":[{"id":964,"href":"https:\/\/www.alberguescq.com\/pt-pt\/wp-json\/wp\/v2\/pages\/963\/revisions\/964"}],"wp:attachment":[{"href":"https:\/\/www.alberguescq.com\/pt-pt\/wp-json\/wp\/v2\/media?parent=963"}],"curies":[{"name":"wp","href":"https:\/\/api.w.org\/{rel}","templated":true}]}}