{"id":967,"date":"2023-05-04T12:30:13","date_gmt":"2023-05-04T10:30:13","guid":{"rendered":"https:\/\/www.alberguescq.com\/politica-cookies\/"},"modified":"2023-07-28T19:41:14","modified_gmt":"2023-07-28T17:41:14","slug":"politica-cookies","status":"publish","type":"page","link":"https:\/\/www.alberguescq.com\/pt-pt\/politica-cookies\/","title":{"rendered":"Pol\u00edtica de Cookies"},"content":{"rendered":"<section  class='av_textblock_section av-k6sb3a7r-2129e19dcffb135a2fe9f11c9b629f5a '   itemscope=\"itemscope\" itemtype=\"https:\/\/schema.org\/CreativeWork\" ><div class='avia_textblock'  itemprop=\"text\" ><h1>Pol\u00edtica de cookies<\/h1>\n<p>SAN MIGUEL HOSPITALIDADE E TURISMO SL. informa sobre o uso de cookies em seu site: <a href=\"https:\/\/www.alberguescq.com\/pt-pt\/albergue-scq\/\">www.alberguescq.com<\/a><\/p>\n<h2>O que s\u00e3o cookies?<\/h2>\n<p>Cookies s\u00e3o arquivos que podem ser baixados para o seu computador atrav\u00e9s de p\u00e1ginas da web. S\u00e3o ferramentas que desempenham um papel essencial na presta\u00e7\u00e3o de in\u00fameros servi\u00e7os da sociedade da informa\u00e7\u00e3o. Entre outros, permitem que uma p\u00e1gina web armazene e recupere informa\u00e7\u00e3o sobre os h\u00e1bitos de navega\u00e7\u00e3o de um utilizador ou do seu equipamento e, dependendo da informa\u00e7\u00e3o obtida, podem ser utilizados para reconhecer o utilizador e melhorar o servi\u00e7o oferecido.<\/p>\n<h2>Tipos de cookies<\/h2>\n<p>Dependendo de quem \u00e9 a entidade que gere o dom\u00ednio a partir do qual os cookies s\u00e3o enviados e trata os dados obtidos, podem distinguir-se dois tipos:<\/p>\n<ul>\n<li>Cookies pr\u00f3prias: S\u00e3o aquelas que s\u00e3o enviadas ao equipamento terminal do usu\u00e1rio a partir de um computador ou dom\u00ednio administrado pelo pr\u00f3prio editor e a partir do qual se presta o servi\u00e7o solicitado pelo usu\u00e1rio.<\/li>\n<li>Cookies de terceiros: S\u00e3o aqueles que s\u00e3o enviados ao equipamento terminal do usu\u00e1rio desde um computador ou dom\u00ednio que n\u00e3o \u00e9 gerido pelo editor, mas por outra entidade que processa os dados obtidos atrav\u00e9s dos cookies.<br \/>\nCaso os cookies sejam instalados a partir de um computador ou dom\u00ednio gerenciado pelo pr\u00f3prio editor, mas as informa\u00e7\u00f5es coletadas atrav\u00e9s deles sejam gerenciadas por um terceiro, eles n\u00e3o podem ser considerados cookies propriet\u00e1rios.<\/li>\n<\/ul>\n<p>Existe ainda uma segunda classifica\u00e7\u00e3o de acordo com o tempo que ficam armazenados no navegador do cliente, que pode ser:<\/p>\n<ul>\n<li>Cookies de sess\u00e3o: concebidos para recolher e armazenar dados enquanto o utilizador acede a uma p\u00e1gina web. Costumam ser utilizados para armazenar informa\u00e7\u00e3o que s\u00f3 interessa guardar para a presta\u00e7\u00e3o do servi\u00e7o solicitado pelo utilizador numa \u00fanica ocasi\u00e3o (por exemplo, uma lista de produtos adquiridos).<\/li>\n<li>Cookies persistentes: Os dados permanecem armazenados no terminal e podem ser acessados \u200b\u200be processados \u200b\u200bdurante um per\u00edodo definido pelo respons\u00e1vel pelo cookie, que pode variar de alguns minutos a v\u00e1rios anos.<\/li>\n<\/ul>\n<p>Por fim, existe outra classifica\u00e7\u00e3o com seis tipos de cookies de acordo com a finalidade para a qual s\u00e3o tratados os dados obtidos:<\/p>\n<ul>\n<li>Cookies t\u00e9cnicos: S\u00e3o aqueles que permitem ao utilizador a navega\u00e7\u00e3o atrav\u00e9s de uma p\u00e1gina web, plataforma ou aplica\u00e7\u00e3o e a utiliza\u00e7\u00e3o das diferentes op\u00e7\u00f5es ou servi\u00e7os nela existentes, como o controlo de tr\u00e1fego e comunica\u00e7\u00e3o de dados, identifica\u00e7\u00e3o da sess\u00e3o, acesso a partes de acesso restrito, lembrar os elementos que comp\u00f5em um pedido, realizar o processo de compra de um pedido, solicitar inscri\u00e7\u00e3o ou participa\u00e7\u00e3o em um evento, usar elementos de seguran\u00e7a durante a navega\u00e7\u00e3o, armazenar conte\u00fado para divulga\u00e7\u00e3o de v\u00eddeos ou som ou compartilhar conte\u00fado atrav\u00e9s de redes sociais.<\/li>\n<li>Cookies de personaliza\u00e7\u00e3o: permitem ao utilizador aceder ao servi\u00e7o com algumas caracter\u00edsticas gerais predefinidas com base numa s\u00e9rie de crit\u00e9rios no terminal do utilizador, como o idioma, o tipo de navegador atrav\u00e9s do qual acede ao servi\u00e7o, a regi\u00e3o de configura\u00e7\u00e3o a partir de onde acede o servi\u00e7o, etc<\/li>\n<li>Cookies de an\u00e1lise: permitem ao seu respons\u00e1vel monitorizar e analisar o comportamento dos utilizadores dos sites aos quais est\u00e3o ligados. A informa\u00e7\u00e3o recolhida atrav\u00e9s deste tipo de cookies \u00e9 utilizada para medir a atividade de sites, aplica\u00e7\u00f5es ou plataformas e para criar perfis de navega\u00e7\u00e3o dos utilizadores dos referidos sites, aplica\u00e7\u00f5es e plataformas, com o objetivo de introduzir melhorias em fun\u00e7\u00e3o da an\u00e1lise dos dados de utiliza\u00e7\u00e3o efetuados pelos usu\u00e1rios do servi\u00e7o.<\/li>\n<li>Cookies publicit\u00e1rios: Permitem a gest\u00e3o, da forma mais eficiente poss\u00edvel, dos espa\u00e7os publicit\u00e1rios.<\/li>\n<li>Cookies de publicidade comportamental: armazenam informa\u00e7\u00f5es sobre o comportamento dos usu\u00e1rios obtidas atrav\u00e9s da observa\u00e7\u00e3o cont\u00ednua de seus h\u00e1bitos de navega\u00e7\u00e3o, o que permite o desenvolvimento de um perfil espec\u00edfico para exibir publicidade a partir dele.<\/li>\n<li>Cookies de redes sociais externas: S\u00e3o utilizados para que os visitantes possam interagir com o conte\u00fado de diferentes plataformas sociais (facebook, youtube, twitter, linkedIn, etc.) e s\u00e3o gerados apenas para os usu\u00e1rios das referidas redes sociais. As condi\u00e7\u00f5es de uso desses cookies e as informa\u00e7\u00f5es coletadas s\u00e3o reguladas pela pol\u00edtica de privacidade da plataforma social correspondente.<\/li>\n<\/ul>\n<h2>Desativa\u00e7\u00e3o e elimina\u00e7\u00e3o de cookies<\/h2>\n<p>Voc\u00ea tem a op\u00e7\u00e3o de permitir, bloquear ou excluir os cookies instalados em seu computador, configurando as op\u00e7\u00f5es do navegador instalado em seu computador. Ao desativar os cookies, alguns dos servi\u00e7os dispon\u00edveis podem deixar de estar operacionais. A forma de desativar os cookies \u00e9 diferente para cada navegador, mas normalmente pode ser feita a partir do menu Ferramentas ou Op\u00e7\u00f5es. Voc\u00ea tamb\u00e9m pode consultar o menu Ajuda do navegador, onde encontrar\u00e1 instru\u00e7\u00f5es. O usu\u00e1rio pode, a qualquer momento, escolher quais cookies deseja que funcionem neste site.<\/p>\n<p>Pode permitir, bloquear ou eliminar os cookies instalados no seu computador configurando as op\u00e7\u00f5es do navegador instalado no seu computador:<\/p>\n<ul>\n<li>Microsoft Internet Explorer o Microsoft Edge: <a href=\"https:\/\/windows.microsoft.com\/es-es\/windows-vista\/Block-or-allow-cookies\" target=\"_blank\" rel=\"noopener\">https:\/\/windows.microsoft.com\/es-es\/windows-vista\/Block-or-allow-cookies<\/a><\/li>\n<li>Mozilla Firefox: <a href=\"https:\/\/support.mozilla.org\/es\/kb\/impedir-que-los-sitios-web-guarden-sus-preferencia\" target=\"_blank\" rel=\"noopener\">https:\/\/support.mozilla.org\/es\/kb\/impedir-que-los-sitios-web-guarden-sus-preferencia<\/a><\/li>\n<li>Chrome: <a href=\"https:\/\/support.google.com\/accounts\/answer\/61416?hl=es\" target=\"_blank\" rel=\"noopener\">https:\/\/support.google.com\/accounts\/answer\/61416?hl=es<\/a><\/li>\n<li>Safari: <a href=\"http:\/\/safari.helpmax.net\/en\/privacy-and-security\/managing-cookies\/\" target=\"_blank\" rel=\"noopener\">http:\/\/safari.helpmax.net\/es\/privacidad-y-seguridad\/como-gestionar-las-cookies\/<\/a><\/li>\n<li>Opera: <a href=\"https:\/\/help.opera.com\/Linux\/10.60\/es-ES\/cookies.html\" target=\"_blank\" rel=\"noopener\">https:\/\/help.opera.com\/Linux\/10.60\/es-ES\/cookies.html<\/a><\/li>\n<\/ul>\n<p>Al\u00e9m disso, tamb\u00e9m pode gerir o armazenamento de cookies no seu navegador atrav\u00e9s de ferramentas como as seguintes:<\/p>\n<ul>\n<li>Ghostery: <a href=\"https:\/\/www.ghostery.com\" target=\"_blank\" rel=\"noopener\">www.ghostery.com<\/a><\/li>\n<li>Your Online Choices: <a href=\"https:\/\/www.youronlinechoices.com\/es\/\" target=\"_blank\" rel=\"noopener\">www.youronlinechoices.com\/es\/<\/a><\/li>\n<\/ul>\n<h2>Cookies usadas em <a href=\"https:\/\/www.alberguescq.com\/pt-pt\/albergue-scq\/\">www.alberguescq.com<\/a><\/h2>\n<p>A continuaci\u00f3n se identifican las cookies que est\u00e1n siendo utilizadas en este portal as\u00ed como su tipolog\u00eda y funci\u00f3n:<\/p>\n<table>\n<tbody>\n<tr>\n<td>COOKIE<\/td>\n<td>CATEGOR\u00cdA<\/td>\n<td>DESCRIPCI\u00d3N<\/td>\n<td>DURACI\u00d3N<\/td>\n<\/tr>\n<tr>\n<td>wordpress_<\/td>\n<td>2<\/td>\n<td>Cookie do WordPress para um usu\u00e1rio logado<\/td>\n<td>Sess\u00e3o<\/td>\n<\/tr>\n<tr>\n<td>wordpress_logged_in<\/td>\n<td>2<\/td>\n<td>Cookie do WordPress para um usu\u00e1rio logado<\/td>\n<td>Sess\u00e3o<\/td>\n<\/tr>\n<tr>\n<td>wordpress_test_<\/td>\n<td>2<\/td>\n<td>Cookie do WordPress para um usu\u00e1rio logado<\/td>\n<td>Sess\u00e3o<\/td>\n<\/tr>\n<tr>\n<td>wordpress_test_cookie<\/td>\n<td>2<\/td>\n<td>Cookie de probas do WordPress<\/td>\n<td>Sess\u00e3o<\/td>\n<\/tr>\n<tr>\n<td>wp-settings-<\/td>\n<td>1<\/td>\n<td>O WordPress tamb\u00e9m define alguns cookies wp-settings-[UID]. O n\u00famero final \u00e9 o ID do usu\u00e1rio individual da tabela do banco de dados do usu\u00e1rio. Isso \u00e9 usado para personalizar a visualiza\u00e7\u00e3o da interface de administra\u00e7\u00e3o e, possivelmente, tamb\u00e9m a interface principal do site. WordPress tamb\u00e9m define cookies para wp-settings-{time}-[UID]<\/td>\n<td>1 ano<\/td>\n<\/tr>\n<tr>\n<td>wp-settings-time-<\/td>\n<td>2<\/td>\n<td>O n\u00famero final \u00e9 o ID do usu\u00e1rio individual da tabela do banco de dados do usu\u00e1rio. Isso \u00e9 usado para personalizar a visualiza\u00e7\u00e3o da interface de administra\u00e7\u00e3o e, possivelmente, tamb\u00e9m a interface principal do site.<\/td>\n<td>1 ano<\/td>\n<\/tr>\n<tr>\n<td>PHPSESSID<\/td>\n<td>1<\/td>\n<td>Para identificar uma \u00fanica sess\u00e3o no site.<\/td>\n<td>Sess\u00e3o<\/td>\n<\/tr>\n<tr>\n<td>SESS<\/td>\n<td>1<\/td>\n<td>Para garantir que voc\u00ea seja reconhecido quando passar de uma p\u00e1gina para outra dentro do site e que qualquer informa\u00e7\u00e3o que voc\u00ea tenha inserido seja lembrada.<\/td>\n<td>Sess\u00e3o<\/td>\n<\/tr>\n<tr>\n<td>_utma<\/td>\n<td>2<\/td>\n<td>Este cookie registra o n\u00famero de vezes que um usu\u00e1rio esteve no site que pertence ao cookie, quando foi sua primeira visita e quando ocorreu sua \u00faltima visita. O Google Analytics usa as informa\u00e7\u00f5es do cookie para calcular coisas como dias e visitas para comprar.<\/td>\n<td>Permanente<\/td>\n<\/tr>\n<tr>\n<td>_utmb<\/td>\n<td>2<\/td>\n<td>\u00c9 um cookie do Google Analytics. Defina o momento exato em que um visitante entra em um site.<\/td>\n<td>Sess\u00e3o<\/td>\n<\/tr>\n<tr>\n<td>_utmc<\/td>\n<td>2<\/td>\n<td>\u00c9 um cookie do Google Analytics. Defina o momento exato em que um visitante sai de um site.<\/td>\n<td>30 m\u00ednutos<\/td>\n<\/tr>\n<tr>\n<td>_utmz<\/td>\n<td>2<\/td>\n<td>Ele rastreia de onde o visitante veio, qual mecanismo de pesquisa ele usou, em qual link ele clicou, qual palavra-chave ele usou e onde no mundo ele est\u00e1 quando acessa um site. Este cookie \u00e9 como o Google Analytics sabe para quem e para qual fonte\/meio\/palavra-chave atribuir uma meta de convers\u00e3o ou transa\u00e7\u00e3o de com\u00e9rcio eletr\u00f4nico.<\/td>\n<td>6 meses<\/td>\n<\/tr>\n<\/tbody>\n<\/table>\n<h2>Aceita\u00e7\u00e3o da Pol\u00edtica de Cookies<\/h2>\n<p><a href=\"https:\/\/www.alberguescq.com\/pt-pt\/albergue-scq\/\">www.alberguescq.com<\/a> assume que voc\u00ea aceita o uso de cookies. No entanto, mostra informa\u00e7\u00f5es sobre sua Pol\u00edtica de Cookies na parte inferior ou superior de qualquer p\u00e1gina do portal a cada login para que voc\u00ea esteja ciente.<\/p>\n<p>Dadas essas informa\u00e7\u00f5es, \u00e9 poss\u00edvel realizar as seguintes a\u00e7\u00f5es:<\/p>\n<p>Aceitar cookies: Este aviso n\u00e3o ser\u00e1 exibido novamente ao acessar qualquer p\u00e1gina do portal durante esta sess\u00e3o.<br \/>\nModifique\/personalize suas configura\u00e7\u00f5es: Voc\u00ea pode obter mais informa\u00e7\u00f5es sobre o que s\u00e3o cookies, conhecer a pol\u00edtica de cookies de: <a href=\"https:\/\/www.alberguescq.com\/pt-pt\/albergue-scq\/\">www.alberguescq.com<\/a> e modificar as configura\u00e7\u00f5es do seu navegador.<\/p>\n<\/div><\/section>\n","protected":false},"excerpt":{"rendered":"","protected":false},"author":3,"featured_media":0,"parent":0,"menu_order":0,"comment_status":"closed","ping_status":"closed","template":"","meta":{"footnotes":""},"class_list":["post-967","page","type-page","status-publish","hentry"],"yoast_head":"<!-- This site is optimized with the Yoast SEO plugin v27.5 - https:\/\/yoast.com\/product\/yoast-seo-wordpress\/ -->\n<title>Pol\u00edtica de Cookies - Albergue SCQ - Santiago de Compostela<\/title>\n<meta name=\"robots\" content=\"noindex, nofollow\" \/>\n<meta property=\"og:locale\" content=\"pt_PT\" \/>\n<meta property=\"og:type\" content=\"article\" \/>\n<meta property=\"og:title\" content=\"Pol\u00edtica de Cookies - Albergue SCQ - Santiago de Compostela\" \/>\n<meta property=\"og:url\" content=\"https:\/\/www.alberguescq.com\/pt-pt\/politica-cookies\/\" \/>\n<meta property=\"og:site_name\" content=\"Albergue SCQ - Santiago de Compostela\" \/>\n<meta property=\"article:publisher\" content=\"https:\/\/www.facebook.com\/hostelscq\/\" \/>\n<meta property=\"article:modified_time\" content=\"2023-07-28T17:41:14+00:00\" \/>\n<meta name=\"twitter:card\" content=\"summary_large_image\" \/>\n<meta name=\"twitter:label1\" content=\"Tempo estimado de leitura\" \/>\n\t<meta name=\"twitter:data1\" content=\"7 minutos\" \/>\n<script type=\"application\/ld+json\" class=\"yoast-schema-graph\">{\"@context\":\"https:\\\/\\\/schema.org\",\"@graph\":[{\"@type\":\"WebPage\",\"@id\":\"https:\\\/\\\/www.alberguescq.com\\\/pt-pt\\\/politica-cookies\\\/\",\"url\":\"https:\\\/\\\/www.alberguescq.com\\\/pt-pt\\\/politica-cookies\\\/\",\"name\":\"Pol\u00edtica de Cookies - Albergue SCQ - Santiago de Compostela\",\"isPartOf\":{\"@id\":\"https:\\\/\\\/www.alberguescq.com\\\/#website\"},\"datePublished\":\"2023-05-04T10:30:13+00:00\",\"dateModified\":\"2023-07-28T17:41:14+00:00\",\"breadcrumb\":{\"@id\":\"https:\\\/\\\/www.alberguescq.com\\\/pt-pt\\\/politica-cookies\\\/#breadcrumb\"},\"inLanguage\":\"pt-PT\",\"potentialAction\":[{\"@type\":\"ReadAction\",\"target\":[\"https:\\\/\\\/www.alberguescq.com\\\/pt-pt\\\/politica-cookies\\\/\"]}]},{\"@type\":\"BreadcrumbList\",\"@id\":\"https:\\\/\\\/www.alberguescq.com\\\/pt-pt\\\/politica-cookies\\\/#breadcrumb\",\"itemListElement\":[{\"@type\":\"ListItem\",\"position\":1,\"name\":\"Portada\",\"item\":\"https:\\\/\\\/www.alberguescq.com\\\/pt-pt\\\/albergue-scq\\\/\"},{\"@type\":\"ListItem\",\"position\":2,\"name\":\"Pol\u00edtica de Cookies\"}]},{\"@type\":\"WebSite\",\"@id\":\"https:\\\/\\\/www.alberguescq.com\\\/#website\",\"url\":\"https:\\\/\\\/www.alberguescq.com\\\/\",\"name\":\"Albergue SCQ\",\"description\":\"Albergue SCQ\",\"publisher\":{\"@id\":\"https:\\\/\\\/www.alberguescq.com\\\/#organization\"},\"potentialAction\":[{\"@type\":\"SearchAction\",\"target\":{\"@type\":\"EntryPoint\",\"urlTemplate\":\"https:\\\/\\\/www.alberguescq.com\\\/?s={search_term_string}\"},\"query-input\":{\"@type\":\"PropertyValueSpecification\",\"valueRequired\":true,\"valueName\":\"search_term_string\"}}],\"inLanguage\":\"pt-PT\"},{\"@type\":\"Organization\",\"@id\":\"https:\\\/\\\/www.alberguescq.com\\\/#organization\",\"name\":\"Albergue SCQ\",\"url\":\"https:\\\/\\\/www.alberguescq.com\\\/\",\"logo\":{\"@type\":\"ImageObject\",\"inLanguage\":\"pt-PT\",\"@id\":\"https:\\\/\\\/www.alberguescq.com\\\/#\\\/schema\\\/logo\\\/image\\\/\",\"url\":\"https:\\\/\\\/www.alberguescq.com\\\/wp-content\\\/uploads\\\/2019\\\/12\\\/Logo-albergue-scq.png\",\"contentUrl\":\"https:\\\/\\\/www.alberguescq.com\\\/wp-content\\\/uploads\\\/2019\\\/12\\\/Logo-albergue-scq.png\",\"width\":340,\"height\":156,\"caption\":\"Albergue SCQ\"},\"image\":{\"@id\":\"https:\\\/\\\/www.alberguescq.com\\\/#\\\/schema\\\/logo\\\/image\\\/\"},\"sameAs\":[\"https:\\\/\\\/www.facebook.com\\\/hostelscq\\\/\"]}]}<\/script>\n<!-- \/ Yoast SEO plugin. -->","yoast_head_json":{"title":"Pol\u00edtica de Cookies - Albergue SCQ - Santiago de Compostela","robots":{"index":"noindex","follow":"nofollow"},"og_locale":"pt_PT","og_type":"article","og_title":"Pol\u00edtica de Cookies - Albergue SCQ - Santiago de Compostela","og_url":"https:\/\/www.alberguescq.com\/pt-pt\/politica-cookies\/","og_site_name":"Albergue SCQ - Santiago de Compostela","article_publisher":"https:\/\/www.facebook.com\/hostelscq\/","article_modified_time":"2023-07-28T17:41:14+00:00","twitter_card":"summary_large_image","twitter_misc":{"Tempo estimado de leitura":"7 minutos"},"schema":{"@context":"https:\/\/schema.org","@graph":[{"@type":"WebPage","@id":"https:\/\/www.alberguescq.com\/pt-pt\/politica-cookies\/","url":"https:\/\/www.alberguescq.com\/pt-pt\/politica-cookies\/","name":"Pol\u00edtica de Cookies - Albergue SCQ - Santiago de Compostela","isPartOf":{"@id":"https:\/\/www.alberguescq.com\/#website"},"datePublished":"2023-05-04T10:30:13+00:00","dateModified":"2023-07-28T17:41:14+00:00","breadcrumb":{"@id":"https:\/\/www.alberguescq.com\/pt-pt\/politica-cookies\/#breadcrumb"},"inLanguage":"pt-PT","potentialAction":[{"@type":"ReadAction","target":["https:\/\/www.alberguescq.com\/pt-pt\/politica-cookies\/"]}]},{"@type":"BreadcrumbList","@id":"https:\/\/www.alberguescq.com\/pt-pt\/politica-cookies\/#breadcrumb","itemListElement":[{"@type":"ListItem","position":1,"name":"Portada","item":"https:\/\/www.alberguescq.com\/pt-pt\/albergue-scq\/"},{"@type":"ListItem","position":2,"name":"Pol\u00edtica de Cookies"}]},{"@type":"WebSite","@id":"https:\/\/www.alberguescq.com\/#website","url":"https:\/\/www.alberguescq.com\/","name":"Albergue SCQ","description":"Albergue SCQ","publisher":{"@id":"https:\/\/www.alberguescq.com\/#organization"},"potentialAction":[{"@type":"SearchAction","target":{"@type":"EntryPoint","urlTemplate":"https:\/\/www.alberguescq.com\/?s={search_term_string}"},"query-input":{"@type":"PropertyValueSpecification","valueRequired":true,"valueName":"search_term_string"}}],"inLanguage":"pt-PT"},{"@type":"Organization","@id":"https:\/\/www.alberguescq.com\/#organization","name":"Albergue SCQ","url":"https:\/\/www.alberguescq.com\/","logo":{"@type":"ImageObject","inLanguage":"pt-PT","@id":"https:\/\/www.alberguescq.com\/#\/schema\/logo\/image\/","url":"https:\/\/www.alberguescq.com\/wp-content\/uploads\/2019\/12\/Logo-albergue-scq.png","contentUrl":"https:\/\/www.alberguescq.com\/wp-content\/uploads\/2019\/12\/Logo-albergue-scq.png","width":340,"height":156,"caption":"Albergue SCQ"},"image":{"@id":"https:\/\/www.alberguescq.com\/#\/schema\/logo\/image\/"},"sameAs":["https:\/\/www.facebook.com\/hostelscq\/"]}]}},"_links":{"self":[{"href":"https:\/\/www.alberguescq.com\/pt-pt\/wp-json\/wp\/v2\/pages\/967","targetHints":{"allow":["GET"]}}],"collection":[{"href":"https:\/\/www.alberguescq.com\/pt-pt\/wp-json\/wp\/v2\/pages"}],"about":[{"href":"https:\/\/www.alberguescq.com\/pt-pt\/wp-json\/wp\/v2\/types\/page"}],"author":[{"embeddable":true,"href":"https:\/\/www.alberguescq.com\/pt-pt\/wp-json\/wp\/v2\/users\/3"}],"replies":[{"embeddable":true,"href":"https:\/\/www.alberguescq.com\/pt-pt\/wp-json\/wp\/v2\/comments?post=967"}],"version-history":[{"count":2,"href":"https:\/\/www.alberguescq.com\/pt-pt\/wp-json\/wp\/v2\/pages\/967\/revisions"}],"predecessor-version":[{"id":968,"href":"https:\/\/www.alberguescq.com\/pt-pt\/wp-json\/wp\/v2\/pages\/967\/revisions\/968"}],"wp:attachment":[{"href":"https:\/\/www.alberguescq.com\/pt-pt\/wp-json\/wp\/v2\/media?parent=967"}],"curies":[{"name":"wp","href":"https:\/\/api.w.org\/{rel}","templated":true}]}}